{"id":320,"date":"2025-02-03T12:45:54","date_gmt":"2025-02-03T17:45:54","guid":{"rendered":"https:\/\/quintoelementocontactcenter.com\/?page_id=320"},"modified":"2025-03-05T12:44:39","modified_gmt":"2025-03-05T17:44:39","slug":"quienes-somos","status":"publish","type":"page","link":"https:\/\/quintoelementocontactcenter.com\/index.php\/quienes-somos\/","title":{"rendered":"\u00bfQuienes somos?"},"content":{"rendered":"\t\t<div data-elementor-type=\"wp-page\" data-elementor-id=\"320\" class=\"elementor elementor-320\" data-elementor-post-type=\"page\">\n\t\t\t\t<div class=\"elementor-element elementor-element-3d3f33e e-flex e-con-boxed elementor-invisible e-con e-parent\" data-id=\"3d3f33e\" data-element_type=\"container\" data-settings=\"{&quot;background_background&quot;:&quot;classic&quot;,&quot;animation&quot;:&quot;fadeInUp&quot;}\">\n\t\t\t\t\t<div class=\"e-con-inner\">\n\t\t\t\t<div class=\"elementor-element elementor-element-26df742 elementor-widget elementor-widget-heading\" data-id=\"26df742\" data-element_type=\"widget\" data-widget_type=\"heading.default\">\n\t\t\t\t<div class=\"elementor-widget-container\">\n\t\t\t\t\t<h2 class=\"elementor-heading-title elementor-size-default\">Conectamos soluciones, superamos expectativas.<\/h2>\t\t\t\t<\/div>\n\t\t\t\t<\/div>\n\t\t\t\t\t<\/div>\n\t\t\t\t<\/div>\n\t\t<div class=\"elementor-element elementor-element-97e782e e-flex e-con-boxed e-con e-parent\" data-id=\"97e782e\" data-element_type=\"container\">\n\t\t\t\t\t<div class=\"e-con-inner\">\n\t\t<div class=\"elementor-element elementor-element-b5902f2 e-con-full e-flex e-con e-child\" data-id=\"b5902f2\" data-element_type=\"container\">\n\t\t\t\t<div class=\"elementor-element elementor-element-ee73d29 elementor-widget elementor-widget-video\" data-id=\"ee73d29\" data-element_type=\"widget\" data-settings=\"{&quot;video_type&quot;:&quot;hosted&quot;,&quot;controls&quot;:&quot;yes&quot;}\" data-widget_type=\"video.default\">\n\t\t\t\t<div class=\"elementor-widget-container\">\n\t\t\t\t\t\t\t<div class=\"e-hosted-video elementor-wrapper elementor-open-inline\">\n\t\t\t\t\t<video class=\"elementor-video\" src=\"https:\/\/quintoelementocontactcenter.com\/wp-content\/uploads\/2025\/03\/CEO-EDGAR-NEW.mp4\" controls=\"\" preload=\"metadata\" controlsList=\"nodownload\" poster=\"https:\/\/quintoelementocontactcenter.com\/wp-content\/uploads\/2025\/02\/Edgar--scaled.jpg\"><\/video>\n\t\t\t\t<\/div>\n\t\t\t\t\t\t<\/div>\n\t\t\t\t<\/div>\n\t\t\t\t<\/div>\n\t\t<div class=\"elementor-element elementor-element-9a6f0f7 e-con-full e-flex e-con e-child\" data-id=\"9a6f0f7\" data-element_type=\"container\">\n\t\t\t\t<div class=\"elementor-element elementor-element-b6ac034 elementor-widget elementor-widget-heading\" data-id=\"b6ac034\" data-element_type=\"widget\" data-widget_type=\"heading.default\">\n\t\t\t\t<div class=\"elementor-widget-container\">\n\t\t\t\t\t<h2 class=\"elementor-heading-title elementor-size-default\">Conectamos soluciones, superamos expectativas.<\/h2>\t\t\t\t<\/div>\n\t\t\t\t<\/div>\n\t\t\t\t<div class=\"elementor-element elementor-element-04868e6 elementor-widget elementor-widget-text-editor\" data-id=\"04868e6\" data-element_type=\"widget\" data-widget_type=\"text-editor.default\">\n\t\t\t\t<div class=\"elementor-widget-container\">\n\t\t\t\t\t\t\t\t\t<p>Somos un contact center especializado en la venta de productos naturales, comprometidos con el bienestar y la salud de nuestros clientes. Operamos en Estados Unidos y Puerto Rico, ofreciendo atenci\u00f3n personalizada y asesoramiento experto para brindar la mejor experiencia de compra. Nuestro equipo est\u00e1 capacitado para responder dudas, recomendar productos y garantizar un servicio \u00e1gil y confiable. Creemos en la calidad, la transparencia y la satisfacci\u00f3n del cliente. Estamos en constante crecimiento y, muy pronto, llevaremos nuestra pasi\u00f3n por lo natural a Europa. \u00a1Conectamos bienestar y salud con solo una llamada!<\/p>\t\t\t\t\t\t\t\t<\/div>\n\t\t\t\t<\/div>\n\t\t\t\t<\/div>\n\t\t\t\t\t<\/div>\n\t\t\t\t<\/div>\n\t\t\t\t<\/div>\n\t\t","protected":false},"excerpt":{"rendered":"<p>Conectamos soluciones, superamos expectativas. https:\/\/quintoelementocontactcenter.com\/wp-content\/uploads\/2025\/03\/CEO-EDGAR-NEW.mp4 Conectamos soluciones, superamos expectativas. Somos un contact center especializado en la venta de productos naturales, comprometidos con el bienestar y la salud de nuestros clientes. Operamos en Estados Unidos y Puerto Rico, ofreciendo atenci\u00f3n personalizada y asesoramiento experto para brindar la mejor experiencia de compra. Nuestro equipo est\u00e1 capacitado para [&hellip;]<\/p>\n","protected":false},"author":1,"featured_media":0,"parent":0,"menu_order":0,"comment_status":"closed","ping_status":"closed","template":"","meta":{"_joinchat":[],"footnotes":""},"class_list":["post-320","page","type-page","status-publish","hentry"],"_links":{"self":[{"href":"https:\/\/quintoelementocontactcenter.com\/index.php\/wp-json\/wp\/v2\/pages\/320","targetHints":{"allow":["GET"]}}],"collection":[{"href":"https:\/\/quintoelementocontactcenter.com\/index.php\/wp-json\/wp\/v2\/pages"}],"about":[{"href":"https:\/\/quintoelementocontactcenter.com\/index.php\/wp-json\/wp\/v2\/types\/page"}],"author":[{"embeddable":true,"href":"https:\/\/quintoelementocontactcenter.com\/index.php\/wp-json\/wp\/v2\/users\/1"}],"replies":[{"embeddable":true,"href":"https:\/\/quintoelementocontactcenter.com\/index.php\/wp-json\/wp\/v2\/comments?post=320"}],"version-history":[{"count":37,"href":"https:\/\/quintoelementocontactcenter.com\/index.php\/wp-json\/wp\/v2\/pages\/320\/revisions"}],"predecessor-version":[{"id":789,"href":"https:\/\/quintoelementocontactcenter.com\/index.php\/wp-json\/wp\/v2\/pages\/320\/revisions\/789"}],"wp:attachment":[{"href":"https:\/\/quintoelementocontactcenter.com\/index.php\/wp-json\/wp\/v2\/media?parent=320"}],"curies":[{"name":"wp","href":"https:\/\/api.w.org\/{rel}","templated":true}]}}